{"id":2248,"date":"2021-03-30T14:38:40","date_gmt":"2021-03-30T13:38:40","guid":{"rendered":"https:\/\/waldfrieden-suhl.de\/?page_id=2248"},"modified":"2021-04-08T13:23:43","modified_gmt":"2021-04-08T12:23:43","slug":"unsere-agbs","status":"publish","type":"page","link":"https:\/\/waldfrieden-suhl.de\/index.php\/unsere-agbs\/","title":{"rendered":"Unsere AGB&#8217;s"},"content":{"rendered":"<section class=\"wpb-content-wrapper\"><p>[vc_row][vc_column][vc_column_text]<span style=\"font-family: Times New Roman, serif;\"><span style=\"font-size: small;\"><b>I. GELTUNGSBEREICH<\/b><\/span><\/span><\/p>\n<ol>\n<li><span style=\"font-family: Times New Roman, serif;\"><span style=\"font-size: small;\">Diese Gesch\u00e4ftsbedingungen gelten f\u00fcr Vertr\u00e4ge \u00fcber die mietweise \u00dcberlassung von Hotelzimmern zur Beherbergung sowie alle in diesem Zusammenhang f\u00fcr den Kunden erbrachten weiteren Leistungen und Lieferungen des Hotels (Hotelaufnahmevertrag). Der Begriff \u201eHotelaufnahmevertrag\u201c umfasst und ersetzt folgende Begriffe: Beherbergungs-, Gastaufnahme-, Hotel-, Hotelzimmervertrag.<\/span><\/span><\/li>\n<li><span style=\"font-family: Times New Roman, serif;\"><span style=\"font-size: small;\">Die Unter- oder Weitervermietung der \u00fcberlassenen Zimmer sowie deren Nutzung zu anderen als Beherbergungszwecken bed\u00fcrfen der vorherigen Zustimmung des Hotels in Textform, wobei \u00a7 540 Absatz 1 Satz 2 BGB abbedungen wird, soweit der Kunde nicht Verbraucher ist.<\/span><\/span><\/li>\n<li><span style=\"font-family: Times New Roman, serif;\"><span style=\"font-size: small;\">Allgemeine Gesch\u00e4ftsbedingungen des Kunden finden nur Anwendung, wenn dies vorher ausdr\u00fccklich in Textform vereinbart wurde.<\/span><\/span><\/li>\n<\/ol>\n<p><span style=\"font-family: Times New Roman, serif;\"><span style=\"font-size: small;\"><b>II. VERTRAGSABSCHLUSS, -PARTNER, VERJ\u00c4HRUNG<\/b><\/span><\/span><\/p>\n<ol>\n<li><span style=\"font-family: Times New Roman, serif;\"><span style=\"font-size: small;\">Der Vertrag kommt durch die Annahme des Antrags des Kunden durch das Hotel zustande. Dem Hotel steht es frei, die Zimmerbuchung in Textform zu best\u00e4tigen.<\/span><\/span><\/li>\n<li><span style=\"font-family: Times New Roman, serif;\"><span style=\"font-size: small;\">Vertragspartner sind das Hotel und der Kunde. Hat ein Dritter f\u00fcr den Kunden bestellt, haftet er dem Hotel gegen\u00fcber zusammen mit dem Kunden als Gesamtschuldner f\u00fcr alle Verpflichtungen aus dem Hotelaufnahmevertrag, sofern dem Hotel eine entsprechende Erkl\u00e4rung des Dritten vorliegt.<\/span><\/span><\/li>\n<li><span style=\"font-family: Times New Roman, serif;\"><span style=\"font-size: small;\">Alle Anspr\u00fcche gegen das Hotel verj\u00e4hren grunds\u00e4tzlich in einem Jahr ab dem gesetzlichen Verj\u00e4hrungsbeginn. Schadensersatzanspr\u00fcche verj\u00e4hren kenntnisunabh\u00e4ngig in f\u00fcnf Jahren, soweit sie nicht auf einer Verletzung des Lebens, des K\u00f6rpers, der Gesundheit oder der Freiheit beruhen. Diese Schadensersatzanspr\u00fcche verj\u00e4hren kenntnisunabh\u00e4ngig in zehn Jahren. Die Verj\u00e4hrungsverk\u00fcrzungen gelten nicht bei Anspr\u00fcchen, die auf einer vors\u00e4tzlichen oder grob fahrl\u00e4ssigen Pflichtverletzung des Hotels beruhen.<\/span><\/span><\/li>\n<\/ol>\n<p><span style=\"font-family: Times New Roman, serif;\"><span style=\"font-size: small;\"><b>III. LEISTUNGEN, PREISE, ZAHLUNG, AUFRECHNUNG<\/b><\/span><\/span><\/p>\n<ol>\n<li><span style=\"font-family: Times New Roman, serif;\"><span style=\"font-size: small;\">Das Hotel ist verpflichtet, die vom Kunden gebuchten Zimmer bereitzuhalten und die vereinbarten Leistungen zu erbringen.<\/span><\/span><\/li>\n<li><span style=\"font-family: Times New Roman, serif;\"><span style=\"font-size: small;\">Der Kunde ist verpflichtet, die f\u00fcr die Zimmer\u00fcberlassung und die von ihm in Anspruch genommenen weiteren Leistungen vereinbarten bzw. geltenden Preise des Hotels zu zahlen. Dies gilt auch f\u00fcr vom Kunden veranlasste Leistungen und Auslagen des Hotels an Dritte. Die vereinbarten Preise schlie\u00dfen die jeweilige gesetzliche Umsatzsteuer ein.<\/span><\/span><\/li>\n<li><span style=\"font-family: Times New Roman, serif;\"><span style=\"font-size: small;\">Das Hotel kann seine Zustimmung zu einer vom Kunden gew\u00fcnschten nachtr\u00e4glichen Verringerung der Anzahl der gebuchten Zimmer, der Leistung des Hotels oder der Aufenthaltsdauer des Kunden davon abh\u00e4ngig machen, dass sich der Preis f\u00fcr die Zimmer und\/oder f\u00fcr die sonstigen Leistungen des Hotels erh\u00f6ht.<\/span><\/span><\/li>\n<li><span style=\"font-family: Times New Roman, serif;\"><span style=\"font-size: small;\">Rechnungen des Hotels ohne F\u00e4lligkeitsdatum sind binnen 10 Tagen ab Zugang der Rechnung ohne Abzug zahlbar. Das Hotel kann die unverz\u00fcgliche Zahlung f\u00e4lliger Forderungen jederzeit vom Kunden verlangen. Bei Zahlungsverzug ist das Hotel berechtigt, die jeweils geltenden gesetzlichen Verzugszinsen in H\u00f6he von derzeit 8% bzw. bei Rechtsgesch\u00e4ften, an denen ein Verbraucher beteiligt ist, in H\u00f6he von 5% \u00fcber dem Basiszinssatz zu verlangen. Dem Hotel bleibt der Nachweis eines h\u00f6heren Schadens vorbehalten.<\/span><\/span><\/li>\n<li><span style=\"font-family: Times New Roman, serif;\"><span style=\"font-size: small;\">Das Hotel ist berechtigt, bei Vertragsschluss vom Kunden eine angemessene Vorauszahlung oder Sicherheitsleistung in Form einer Kreditkartengarantie, einer Anzahlung oder \u00c4hnlichem zu verlangen. Die H\u00f6he der Vorauszahlung und die Zahlungstermine k\u00f6nnen im Vertrag in Textform vereinbart werden. Bei Vorauszahlungen oder Sicherheitsleistungen f\u00fcr Pauschalreisen bleiben die gesetzlichen Bestimmungen unber\u00fchrt.<\/span><\/span><\/li>\n<li><span style=\"font-family: Times New Roman, serif;\"><span style=\"font-size: small;\">In begr\u00fcndeten F\u00e4llen, z.B. Zahlungsr\u00fcckstand des Kunden oder Erweiterung des Vertragsumfanges, ist das Hotel berechtigt, auch nach Vertragsschluss bis zu Beginn des Aufenthaltes eine Vorauszahlung oder Sicherheitsleistung im Sinne vorstehender Nummer 5 oder eine Anhebung der im Vertrag vereinbarten Vorauszahlung oder Sicherheitsleistung bis zur vollen vereinbarten Verg\u00fctung zu verlangen.<\/span><\/span><\/li>\n<li><span style=\"font-family: Times New Roman, serif;\"><span style=\"font-size: small;\">Das Hotel ist ferner berechtigt, zu Beginn und w\u00e4hrend des Aufenthaltes vom Kunden eine angemessene Vorauszahlung oder Sicherheitsleistung im Sinne vorstehender Nummer 5 f\u00fcr bestehende und k\u00fcnftige Forderungen aus dem Vertrag zu verlangen, soweit eine solche nicht bereits gem\u00e4\u00df vorstehender Nummern 5 und\/oder 6 geleistet wurde.<\/span><\/span><\/li>\n<li><span style=\"font-family: Times New Roman, serif;\"><span style=\"font-size: small;\">Der Kunde kann nur mit einer unstreitigen oder rechtskr\u00e4ftigen Forderung gegen\u00fcber einer Forderung des Hotels aufrechnen oder verrechnen.<\/span><\/span><\/li>\n<\/ol>\n<p><span style=\"font-family: Times New Roman, serif;\"><span style=\"font-size: small;\"><b>IV. R\u00dcCKTRITT DES KUNDEN (ABBESTELLUNG, STORNIERUNG) \/ NICHTINANSPRUCHNAHME DER LEISTUNGEN DES HOTELS (NO SHOW)<\/b><\/span><\/span><\/p>\n<ol>\n<li><span style=\"font-family: Times New Roman, serif;\"><span style=\"font-size: small;\">Ein R\u00fccktritt des Kunden von dem mit dem Hotel geschlossenen Vertrag bedarf der Zustimmung des Hotels in Textform. Erfolgt diese nicht, so ist der vereinbarte Preis aus dem Vertrag auch dann zu zahlen, wenn der Kunde vertragliche Leistungen nicht in Anspruch nimmt.<\/span><\/span><\/li>\n<li><span style=\"font-family: Times New Roman, serif;\"><span style=\"font-size: small;\">Sofern zwischen dem Hotel und dem Kunden ein Termin zum kostenfreien R\u00fccktritt vom Vertrag in Textform vereinbart wurde, kann der Kunde bis dahin vom Vertrag zur\u00fccktreten, ohne Zahlungs- oder Schadensersatzanspr\u00fcche des Hotels auszul\u00f6sen. Das R\u00fccktrittsrecht des Kunden erlischt, wenn er nicht bis zum vereinbarten Termin sein Recht zum R\u00fccktritt gegen\u00fcber dem Hotel in Textform aus\u00fcbt.<\/span><\/span><\/li>\n<li><span style=\"font-family: Times New Roman, serif;\"><span style=\"font-size: small;\">Bei vom Kunden nicht in Anspruch genommenen Zimmern hat das Hotel die Einnahmen aus anderweitiger Vermietung dieser Zimmer sowie die eingesparten Aufwendungen anzurechnen. Werden die Zimmer nicht anderweitig vermietet, so kann das Hotel die vertraglich vereinbarte Verg\u00fctung verlangen und den Abzug f\u00fcr ersparte Aufwendungen des Hotels pauschalieren. Der Kunde ist in diesem Fall verpflichtet, mindestens 90% des vertraglich vereinbarten Preises f\u00fcr \u00dcbernachtungen mit oder ohne Fr\u00fchst\u00fcck, 70% f\u00fcr Halbpensions- und 60% f\u00fcr Vollpensionsarrangements zu zahlen. Dem Kunden steht der Nachweis frei, dass der vorgenannte Anspruch nicht oder nicht in der geforderten H\u00f6he entstanden ist.<\/span><\/span><\/li>\n<\/ol>\n<p><span style=\"font-family: Times New Roman, serif;\"><span style=\"font-size: small;\"><b>V. R\u00dcCKTRITT DES HOTELS<\/b><\/span><\/span><\/p>\n<ol>\n<li><span style=\"font-family: Times New Roman, serif;\"><span style=\"font-size: small;\">Sofern in Textform vereinbart wurde, dass der Kunde innerhalb einer bestimmten Frist kostenfrei vom Vertrag zur\u00fccktreten kann, ist das Hotel in diesem Zeitraum seinerseits berechtigt, vom Vertrag zur\u00fcckzutreten, wenn Anfragen anderer Kunden nach den vertraglich gebuchten Zimmern vorliegen und der Kunde auf R\u00fcckfrage des Hotels auf sein Recht zum R\u00fccktritt nicht verzichtet.<\/span><\/span><\/li>\n<li><span style=\"font-family: Times New Roman, serif;\"><span style=\"font-size: small;\">Wird eine vereinbarte oder oben gem\u00e4\u00df Ziffer III Nummern 5 und\/oder 6 verlangte Vorauszahlung oder Sicherheitsleistung auch nach Verstreichen einer vom Hotel gesetzten angemessenen Nachfrist nicht geleistet, so ist das Hotel ebenfalls zum R\u00fccktritt vom Vertrag berechtigt.<\/span><\/span><\/li>\n<li><span style=\"font-family: Times New Roman, serif;\"><span style=\"font-size: small;\">Ferner ist das Hotel berechtigt, aus sachlich gerechtfertigtem Grund vom Vertrag au\u00dferordentlich zur\u00fcckzutreten, beispielsweise falls <\/span><\/span>\n<ul>\n<li><span style=\"font-family: Times New Roman, serif;\"><span style=\"font-size: small;\">H\u00f6here Gewalt oder andere vom Hotel nicht zu vertretende Umst\u00e4nde die Erf\u00fcllung des Vertrages unm\u00f6glich machen;<\/span><\/span><\/li>\n<li><span style=\"font-family: Times New Roman, serif;\"><span style=\"font-size: small;\">Zimmer oder R\u00e4ume schuldhaft unter irref\u00fchrender oder falscher Angabe vertragswesentlicher Tatsachen, z.B. zur Person des Kunden oder zum Zweck seines Aufenthaltes, gebucht werden;<\/span><\/span><\/li>\n<li><span style=\"font-family: Times New Roman, serif;\"><span style=\"font-size: small;\">das Hotel begr\u00fcndeten Anlass zu der Annahme hat, dass die Inanspruchnahme der Hotelleistung den reibungslosen Gesch\u00e4ftsbetrieb, die Sicherheit oder das Ansehen des Hotels in der \u00d6ffentlichkeit gef\u00e4hrden kann, ohne dass dies dem Herrschafts- bzw. Organisationsbereich des Hotels zuzurechnen ist;<\/span><\/span><\/li>\n<li><span style=\"font-family: Times New Roman, serif;\"><span style=\"font-size: small;\">der Zweck bzw. der Anlass des Aufenthaltes gesetzeswidrig ist;<\/span><\/span><\/li>\n<li><span style=\"font-family: Times New Roman, serif;\"><span style=\"font-size: small;\">ein Versto\u00df gegen oben genannte Ziffer I Nummer 2 vorliegt.<\/span><\/span><\/li>\n<\/ul>\n<\/li>\n<li><span style=\"font-family: Times New Roman, serif;\"><span style=\"font-size: small;\">Bei berechtigtem R\u00fccktritt des Hotels entsteht kein Anspruch des Kunden auf Schadensersatz.<\/span><\/span><\/li>\n<\/ol>\n<p><span style=\"font-family: Times New Roman, serif;\"><span style=\"font-size: small;\"><b>VI. ZIMMERBEREITSTELLUNG, -\u00dcBERGABE UND -R\u00dcCKGABE<\/b><\/span><\/span><\/p>\n<ol>\n<li><span style=\"font-family: Times New Roman, serif;\"><span style=\"font-size: small;\">Der Kunde erwirbt keinen Anspruch auf die Bereitstellung bestimmter Zimmer, soweit dieses nicht ausdr\u00fccklich in Textform vereinbart wurde.<\/span><\/span><\/li>\n<li><span style=\"font-family: Times New Roman, serif;\"><span style=\"font-size: small;\">Gebuchte Zimmer stehen dem Kunden ab 14:00 Uhr des vereinbarten Anreisetages zur Verf\u00fcgung. Der Kunde hat keinen Anspruch auf fr\u00fchere Bereitstellung.<\/span><\/span><\/li>\n<li><span style=\"font-family: Times New Roman, serif;\"><span style=\"font-size: small;\">Am vereinbarten Abreisetag sind die Zimmer dem Hotel sp\u00e4testens um 10:00 Uhr ger\u00e4umt zur Verf\u00fcgung zu stellen. Danach kann das Hotel aufgrund der versp\u00e4teten R\u00e4umung des Zimmers f\u00fcr dessen vertrags\u00fcberschreitende Nutzung bis 18:00 Uhr 50% des vollen Logispreises (Listenpreises) in Rechnung stellen, ab 18:00 Uhr 100%. Vertragliche Anspr\u00fcche des Kunden werden hierdurch nicht begr\u00fcndet. Ihm steht es frei, nachzuweisen, dass dem Hotel kein oder ein wesentlich niedrigerer Anspruch auf Nutzungsentgelt entstanden ist.<\/span><\/span><\/li>\n<\/ol>\n<p><span style=\"font-family: Times New Roman, serif;\"><span style=\"font-size: small;\"><b>VII. HAFTUNG DES HOTELS<\/b><\/span><\/span><\/p>\n<ol>\n<li><span style=\"font-family: Times New Roman, serif;\"><span style=\"font-size: small;\">Das Hotel haftet f\u00fcr seine Verpflichtungen aus dem Vertrag. Anspr\u00fcche des Kunden auf Schadensersatz sind ausgeschlossen. Hiervon ausgenommen sind Sch\u00e4den aus der Verletzung des Lebens, des K\u00f6rpers oder der Gesundheit, wenn das Hotel die Pflichtverletzung zu vertreten hat, sonstige Sch\u00e4den, die auf einer vors\u00e4tzlichen oder grob fahrl\u00e4ssigen Pflichtverletzung des Hotels beruhen und Sch\u00e4den, die auf einer vors\u00e4tzlichen oder fahrl\u00e4ssigen Verletzung von vertragstypischen Pflichten des Hotels beruhen. Einer Pflichtverletzung des Hotels steht die eines gesetzlichen Vertreters oder Erf\u00fcllungsgehilfen gleich. Sollten St\u00f6rungen oder M\u00e4ngel an den Leistungen des Hotels auftreten, wird das Hotel bei Kenntnis oder auf unverz\u00fcgliche R\u00fcge des Kunden bem\u00fcht sein, f\u00fcr Abhilfe zu sorgen. Der Kunde ist verpflichtet, das ihm Zumutbare beizutragen, um die St\u00f6rung zu beheben und einen m\u00f6glichen Schaden gering zu halten.<\/span><\/span><\/li>\n<li><span style=\"font-family: Times New Roman, serif;\"><span style=\"font-size: small;\">F\u00fcr eingebrachte Sachen haftet das Hotel dem Kunden nach den gesetzlichen Bestimmungen. Danach ist die Haftung beschr\u00e4nkt auf das Hundertfache des Zimmerpreises, jedoch h\u00f6chstens \u20ac 3.500,- und abweichend f\u00fcr Geld, Wertpapieren und Kostbarkeiten h\u00f6chstens bis zu \u20ac 800,-.<\/span><\/span><\/li>\n<li><span style=\"font-family: Times New Roman, serif;\"><span style=\"font-size: small;\">Soweit dem Kunden ein Stellplatz in der Hotelgarage oder auf einem Hotelparkplatz, auch gegen Entgelt, zur Verf\u00fcgung gestellt wird, kommt dadurch kein Verwahrungsvertrag zustande. Bei Abhandenkommen oder Besch\u00e4digung auf dem Hotelgrundst\u00fcck abgestellter oder rangierter Kraftfahrzeuge und deren Inhalte haftet das Hotel nicht, au\u00dfer bei Vorsatz oder grober Fahrl\u00e4ssigkeit. F\u00fcr den Ausschluss der Schadensersatzanspr\u00fcche des Kunden gilt die Regelung der vorstehenden Nummer 1, S\u00e4tze 2 bis 4 entsprechend.<\/span><\/span><\/li>\n<li><span style=\"font-family: Times New Roman, serif;\"><span style=\"font-size: small;\">Weckauftr\u00e4ge werden vom Hotel mit gr\u00f6\u00dfter Sorgfalt ausgef\u00fchrt. Nachrichten, Post und Warensendungen f\u00fcr die G\u00e4ste werden mit Sorgfalt behandelt. Das Hotel \u00fcbernimmt die Zustellung, Aufbewahrung und \u2013 auf Wunsch \u2013 gegen Entgelt die Nachsendung derselben. F\u00fcr den Ausschluss von Schadensersatzanspr\u00fcchen des Kunden gilt die Regelung der vorstehenden Nummer 1, S\u00e4tze 2 bis 4 entsprechend.<\/span><\/span><\/li>\n<\/ol>\n<p><span style=\"font-family: Times New Roman, serif;\"><span style=\"font-size: small;\"><b>VIII. SCHLUSSBESTIMMUNGEN <\/b><\/span><\/span><\/p>\n<ol>\n<li><span style=\"font-family: Times New Roman, serif;\"><span style=\"font-size: small;\">\u00c4nderungen und Erg\u00e4nzungen des Vertrages, der Antragsannahme oder dieser Allgemeinen Gesch\u00e4ftsbedingungen sollen in Textform erfolgen. Einseitige \u00c4nderungen oder Erg\u00e4nzungen durch den Kunden sind unwirksam.<\/span><\/span><\/li>\n<li><span style=\"font-family: Times New Roman, serif;\"><span style=\"font-size: small;\">Erf\u00fcllungs- und Zahlungsort ist der Standort des Hotels.<\/span><\/span><\/li>\n<li><span style=\"font-family: Times New Roman, serif;\"><span style=\"font-size: small;\">Ausschlie\u00dflicher Gerichtsstand \u2013 auch f\u00fcr Scheck- und Wechselstreitigkeiten \u2013 ist im kaufm\u00e4nnischen Verkehr der gesellschaftsrechtliche Sitz des Hotels. Sofern ein Vertragspartner die Voraussetzung des \u00a7 38 Absatz 2 ZPO erf\u00fcllt und keinen allgemeinen Gerichtsstand im Inland hat, gilt als Gerichtsstand der gesellschaftsrechtliche Sitz des Hotels.<\/span><\/span><\/li>\n<li><span style=\"font-family: Times New Roman, serif;\"><span style=\"font-size: small;\">Es gilt deutsches Recht. Die Anwendung des UN-Kaufrechts und des Kollisionsrechts ist ausgeschlossen.<\/span><\/span><\/li>\n<li><span style=\"font-family: Times New Roman, serif;\"><span style=\"font-size: small;\">Sollten einzelne Bestimmungen dieser Allgemeinen Gesch\u00e4ftsbedingungen unwirksam oder nichtig sein oder werden, so wird dadurch die Wirksamkeit der \u00fcbrigen Bestimmungen nicht ber\u00fchrt. Im \u00dcbrigen gelten die gesetzlichen Vorschriften.<\/span><\/span><\/li>\n<\/ol>\n<p><span style=\"font-family: Times New Roman, serif;\"><span style=\"font-size: small;\">\u00a9 Hotelverband Deutschland (IHA) e.V.<\/span><\/span><\/p>\n<p>[\/vc_column_text][\/vc_column][\/vc_row]<\/p>\n<\/section>","protected":false},"excerpt":{"rendered":"<p>[vc_row][vc_column][vc_column_text]I. GELTUNGSBEREICH Diese Gesch\u00e4ftsbedingungen gelten f\u00fcr Vertr\u00e4ge \u00fcber die mietweise \u00dcberlassung von Hotelzimmern zur Beherbergung sowie alle in diesem Zusammenhang f\u00fcr den Kunden erbrachten weiteren Leistungen und Lieferungen des Hotels (Hotelaufnahmevertrag). Der Begriff \u201eHotelaufnahmevertrag\u201c umfasst und ersetzt folgende Begriffe: Beherbergungs-, Gastaufnahme-, Hotel-, Hotelzimmervertrag. Die Unter- oder Weitervermietung der \u00fcberlassenen Zimmer sowie deren Nutzung zu anderen [&hellip;]<\/p>\n","protected":false},"author":1,"featured_media":0,"parent":0,"menu_order":0,"comment_status":"closed","ping_status":"closed","template":"page.php","meta":{"footnotes":""},"class_list":["post-2248","page","type-page","status-publish","hentry"],"_links":{"self":[{"href":"https:\/\/waldfrieden-suhl.de\/index.php\/wp-json\/wp\/v2\/pages\/2248","targetHints":{"allow":["GET"]}}],"collection":[{"href":"https:\/\/waldfrieden-suhl.de\/index.php\/wp-json\/wp\/v2\/pages"}],"about":[{"href":"https:\/\/waldfrieden-suhl.de\/index.php\/wp-json\/wp\/v2\/types\/page"}],"author":[{"embeddable":true,"href":"https:\/\/waldfrieden-suhl.de\/index.php\/wp-json\/wp\/v2\/users\/1"}],"replies":[{"embeddable":true,"href":"https:\/\/waldfrieden-suhl.de\/index.php\/wp-json\/wp\/v2\/comments?post=2248"}],"version-history":[{"count":1,"href":"https:\/\/waldfrieden-suhl.de\/index.php\/wp-json\/wp\/v2\/pages\/2248\/revisions"}],"predecessor-version":[{"id":2249,"href":"https:\/\/waldfrieden-suhl.de\/index.php\/wp-json\/wp\/v2\/pages\/2248\/revisions\/2249"}],"wp:attachment":[{"href":"https:\/\/waldfrieden-suhl.de\/index.php\/wp-json\/wp\/v2\/media?parent=2248"}],"curies":[{"name":"wp","href":"https:\/\/api.w.org\/{rel}","templated":true}]}}